{"id":5206,"date":"2014-08-06T08:40:48","date_gmt":"2014-08-06T08:40:48","guid":{"rendered":"http:\/\/demo.wpzoom.com\/inspiro\/?page_id=5206"},"modified":"2025-02-14T20:44:55","modified_gmt":"2025-02-14T20:44:55","slug":"leistungen","status":"publish","type":"page","link":"https:\/\/www.baufirmakabai.de\/?page_id=5206","title":{"rendered":"Leistungen"},"content":{"rendered":"\n<p class=\"has-text-align-center\"><p>&nbsp;<\/p><\/p>\n\n\n<div class=\"wpzoom-blocks wpzoom-blocks_portfolio-block wpzoom-portfolio-block-6a03316e4d6f3 use-lightbox alignfull layout-grid columns-3 post_type-portfolio_item ajax-load-items wp-block-wpzoom-blocks-portfolio\" data-offset=\"9\" data-load-more='{\"categories\":[],\"class\":\"wpzoom-blocks_portfolio-block\",\"layout\":\"grid\",\"lightbox\":true,\"lightbox_caption\":false,\"order\":\"desc\",\"order_by\":\"menu_order date\",\"per_page\":9,\"read_more_label\":\"Read More\",\"show_author\":true,\"show_background_video\":true,\"show_date\":true,\"show_excerpt\":true,\"show_read_more\":true,\"show_thumbnail\":true,\"show_title\":false,\"source\":\"portfolio_item\",\"thumbnail_size\":\"portfolio_item-thumbnail\",\"total\":4}'><div class=\"wpzoom-blocks wpzoom-blocks_portfolio-block_filter\"><ul><li class=\"cat-item-all current-cat\">\n\t\t\t\t<a href=\"https:\/\/www.baufirmakabai.de\/?post_type=portfolio_item\" class=\"wpz-portfolio-filter_link\">All<\/a>\n\t\t\t<\/li>\t<li class=\"cat-item cat-item-47 cat-posts-total-1 wpz-block-button\"><a href=\"https:\/\/www.baufirmakabai.de\/?portfolio=fliesenarbeit\" class=\"wpz-portfolio-filter__link\">Fliesen<\/a>\n<\/li>\n\t<li class=\"cat-item cat-item-5 cat-posts-total-1 wpz-block-button\"><a href=\"https:\/\/www.baufirmakabai.de\/?portfolio=laminat-und-vinylboden\" class=\"wpz-portfolio-filter__link\">Laminat und Vinylboden<\/a>\n<\/li>\n\t<li class=\"cat-item cat-item-40 cat-posts-total-1 wpz-block-button\"><a href=\"https:\/\/www.baufirmakabai.de\/?portfolio=trockenbau\" class=\"wpz-portfolio-filter__link\">Trockenbau<\/a>\n<\/li>\n\t<li class=\"cat-item cat-item-41 cat-posts-total-1 wpz-block-button\"><a href=\"https:\/\/www.baufirmakabai.de\/?portfolio=werkzeuge\" class=\"wpz-portfolio-filter__link\">Werkzeuge<\/a>\n<\/li>\n<\/ul><\/div><ul class=\"wpzoom-blocks wpzoom-blocks_portfolio-block_items-list\"><li class='wpzoom-blocks_portfolio-block_item wpzoom-blocks_portfolio-block_item-5770 wpzoom-blocks_portfolio-block_category-47 has-cover'  data-category='47'><article class='wpzoom-blocks_portfolio-block_item-wrap portfolio_item'><div class='wpzoom-blocks_portfolio-block_item-thumbnail'>\n\t\t\t\t\t\t<div class='wpzoom-blocks_portfolio-block_item-media'>\n\t\t\t\t\t\t\t<a href='https:\/\/www.baufirmakabai.de\/?portfolio_item=kabai-und-kollegen' title='Kreative Fliesenl\u00f6sungen f\u00fcr Ihr Zuhause' rel='bookmark'><img fetchpriority=\"high\" decoding=\"async\" width=\"600\" height=\"400\" src=\"https:\/\/www.baufirmakabai.de\/wp-content\/uploads\/2018\/01\/20220712_111237-600x400.jpg\" class=\"attachment-portfolio_item-thumbnail size-portfolio_item-thumbnail wp-post-image\" alt=\"\" srcset=\"https:\/\/www.baufirmakabai.de\/wp-content\/uploads\/2018\/01\/20220712_111237-600x400.jpg 600w, https:\/\/www.baufirmakabai.de\/wp-content\/uploads\/2018\/01\/20220712_111237-scaled-1200x800.jpg 1200w\" sizes=\"100vw\" \/><\/a>\n\t\t\t\t\t\t<\/div><div class=\"portfolio-block-entry-thumbnail-popover-content\" data-show-caption=\"\"><a class=\"mfp-image portfolio-block-popup-video popup_image_icon\" href=\"https:\/\/www.baufirmakabai.de\/wp-content\/uploads\/2018\/01\/20220712_111237-scaled.jpg\" aria-label=\"Kreative Fliesenl\u00f6sungen f\u00fcr Ihr Zuhause\"><span class='wpzoom-blocks_portfolio-block_lightbox_icon'>\n\t\t\t\t\t\t\t\t\t\t<svg enable-background='new 0 0 32 32' id='Layer_4' version='1.1' viewBox='0 0 32 32' xml:space='preserve' xmlns='http:\/\/www.w3.org\/2000\/svg' xmlns:xlink='http:\/\/www.w3.org\/1999\/xlink'>\n\t\t\t\t\t\t\t\t\t\t\t<g>\n\t\t\t\t\t\t\t\t\t\t\t\t<rect fill='none' height='30' stroke='#fff' stroke-linejoin='round' stroke-miterlimit='10' stroke-width='2' transform='matrix(6.123234e-17 -1 1 6.123234e-17 0 32)' width='30' x='1' y='1'\/>\n\t\t\t\t\t\t\t\t\t\t\t\t\t<line fill='none' stroke='#fff' stroke-linejoin='round' stroke-miterlimit='10' stroke-width='2' x1='27' x2='5' y1='5' y2='27'\/><polyline fill='none' points='16,27 5,27 5,16' stroke='#fff' stroke-linejoin='round' stroke-miterlimit='10' stroke-width='2'\/>\n\t\t\t\t\t\t\t\t\t\t\t\t\t<polyline fill='none' points='16,5 27,5 27,16' stroke='#fff' stroke-linejoin='round' stroke-miterlimit='10' stroke-width='2'\/>\n\t\t\t\t\t\t\t\t\t\t\t<\/g>\n\t\t\t\t\t\t\t\t\t\t<\/svg>\n\t\t\t\t\t\t\t\t\t<\/span><\/a><span class=\"portfolio_item-title\" style=\"display: none;\"><a href=\"https:\/\/www.baufirmakabai.de\/?portfolio_item=kabai-und-kollegen\" title=\"Kreative Fliesenl\u00f6sungen f\u00fcr Ihr Zuhause\">Kreative Fliesenl\u00f6sungen f\u00fcr Ihr Zuhause<\/a><\/span><\/div><\/div><div class='wpzoom-blocks_portfolio-block_item-details'><h3 class='wpzoom-blocks_portfolio-block_item-title'><a href='https:\/\/www.baufirmakabai.de\/?portfolio_item=kabai-und-kollegen' title='Kreative Fliesenl\u00f6sungen f\u00fcr Ihr Zuhause' rel='bookmark'>Kreative Fliesenl\u00f6sungen f\u00fcr Ihr Zuhause<\/a><\/h3><\/div><\/article><\/li><li class='wpzoom-blocks_portfolio-block_item wpzoom-blocks_portfolio-block_item-5746 wpzoom-blocks_portfolio-block_category-40 has-cover'  data-category='40'><article class='wpzoom-blocks_portfolio-block_item-wrap portfolio_item'><div class='wpzoom-blocks_portfolio-block_item-thumbnail'>\n\t\t\t\t\t\t<div class='wpzoom-blocks_portfolio-block_item-media'>\n\t\t\t\t\t\t\t<a href='https:\/\/www.baufirmakabai.de\/?portfolio_item=christchurch-kia-kaha-new-zealand' title='Trockenbau  mit Osb , Fermacell und Rigips' rel='bookmark'><img decoding=\"async\" width=\"600\" height=\"400\" src=\"https:\/\/www.baufirmakabai.de\/wp-content\/uploads\/2017\/09\/20220114_140836-600x400.jpg\" class=\"attachment-portfolio_item-thumbnail size-portfolio_item-thumbnail wp-post-image\" alt=\"\" srcset=\"https:\/\/www.baufirmakabai.de\/wp-content\/uploads\/2017\/09\/20220114_140836-600x400.jpg 600w, https:\/\/www.baufirmakabai.de\/wp-content\/uploads\/2017\/09\/20220114_140836-scaled-1200x800.jpg 1200w\" sizes=\"100vw\" \/><\/a>\n\t\t\t\t\t\t<\/div><div class=\"portfolio-block-entry-thumbnail-popover-content\" data-show-caption=\"\"><a class=\"mfp-image portfolio-block-popup-video popup_image_icon\" href=\"https:\/\/www.baufirmakabai.de\/wp-content\/uploads\/2017\/09\/20220114_140836-scaled.jpg\" aria-label=\"Trockenbau  mit Osb , Fermacell und Rigips\"><span class='wpzoom-blocks_portfolio-block_lightbox_icon'>\n\t\t\t\t\t\t\t\t\t\t<svg enable-background='new 0 0 32 32' id='Layer_4' version='1.1' viewBox='0 0 32 32' xml:space='preserve' xmlns='http:\/\/www.w3.org\/2000\/svg' xmlns:xlink='http:\/\/www.w3.org\/1999\/xlink'>\n\t\t\t\t\t\t\t\t\t\t\t<g>\n\t\t\t\t\t\t\t\t\t\t\t\t<rect fill='none' height='30' stroke='#fff' stroke-linejoin='round' stroke-miterlimit='10' stroke-width='2' transform='matrix(6.123234e-17 -1 1 6.123234e-17 0 32)' width='30' x='1' y='1'\/>\n\t\t\t\t\t\t\t\t\t\t\t\t\t<line fill='none' stroke='#fff' stroke-linejoin='round' stroke-miterlimit='10' stroke-width='2' x1='27' x2='5' y1='5' y2='27'\/><polyline fill='none' points='16,27 5,27 5,16' stroke='#fff' stroke-linejoin='round' stroke-miterlimit='10' stroke-width='2'\/>\n\t\t\t\t\t\t\t\t\t\t\t\t\t<polyline fill='none' points='16,5 27,5 27,16' stroke='#fff' stroke-linejoin='round' stroke-miterlimit='10' stroke-width='2'\/>\n\t\t\t\t\t\t\t\t\t\t\t<\/g>\n\t\t\t\t\t\t\t\t\t\t<\/svg>\n\t\t\t\t\t\t\t\t\t<\/span><\/a><span class=\"portfolio_item-title\" style=\"display: none;\"><a href=\"https:\/\/www.baufirmakabai.de\/?portfolio_item=christchurch-kia-kaha-new-zealand\" title=\"Trockenbau  mit Osb , Fermacell und Rigips\">Trockenbau  mit Osb , Fermacell und Rigips<\/a><\/span><\/div><\/div><div class='wpzoom-blocks_portfolio-block_item-details'><h3 class='wpzoom-blocks_portfolio-block_item-title'><a href='https:\/\/www.baufirmakabai.de\/?portfolio_item=christchurch-kia-kaha-new-zealand' title='Trockenbau  mit Osb , Fermacell und Rigips' rel='bookmark'>Trockenbau  mit Osb , Fermacell und Rigips<\/a><\/h3><\/div><\/article><\/li><li class='wpzoom-blocks_portfolio-block_item wpzoom-blocks_portfolio-block_item-5711 wpzoom-blocks_portfolio-block_category-5 has-cover'  data-category='5'><article class='wpzoom-blocks_portfolio-block_item-wrap portfolio_item'><div class='wpzoom-blocks_portfolio-block_item-thumbnail'>\n\t\t\t\t\t\t<div class='wpzoom-blocks_portfolio-block_item-media'>\n\t\t\t\t\t\t\t<a href='https:\/\/www.baufirmakabai.de\/?portfolio_item=laminat-und-vinylboden' title='Laminat und Vinylboden' rel='bookmark'><img decoding=\"async\" width=\"600\" height=\"400\" src=\"https:\/\/www.baufirmakabai.de\/wp-content\/uploads\/2017\/09\/20221110_122205-600x400.jpg\" class=\"attachment-portfolio_item-thumbnail size-portfolio_item-thumbnail wp-post-image\" alt=\"\" srcset=\"https:\/\/www.baufirmakabai.de\/wp-content\/uploads\/2017\/09\/20221110_122205-600x400.jpg 600w, https:\/\/www.baufirmakabai.de\/wp-content\/uploads\/2017\/09\/20221110_122205-scaled-1200x800.jpg 1200w\" sizes=\"100vw\" \/><\/a>\n\t\t\t\t\t\t<\/div><div class=\"portfolio-block-entry-thumbnail-popover-content\" data-show-caption=\"\"><a class=\"mfp-image portfolio-block-popup-video popup_image_icon\" href=\"https:\/\/www.baufirmakabai.de\/wp-content\/uploads\/2017\/09\/20221110_122205-scaled.jpg\" aria-label=\"Laminat und Vinylboden\"><span class='wpzoom-blocks_portfolio-block_lightbox_icon'>\n\t\t\t\t\t\t\t\t\t\t<svg enable-background='new 0 0 32 32' id='Layer_4' version='1.1' viewBox='0 0 32 32' xml:space='preserve' xmlns='http:\/\/www.w3.org\/2000\/svg' xmlns:xlink='http:\/\/www.w3.org\/1999\/xlink'>\n\t\t\t\t\t\t\t\t\t\t\t<g>\n\t\t\t\t\t\t\t\t\t\t\t\t<rect fill='none' height='30' stroke='#fff' stroke-linejoin='round' stroke-miterlimit='10' stroke-width='2' transform='matrix(6.123234e-17 -1 1 6.123234e-17 0 32)' width='30' x='1' y='1'\/>\n\t\t\t\t\t\t\t\t\t\t\t\t\t<line fill='none' stroke='#fff' stroke-linejoin='round' stroke-miterlimit='10' stroke-width='2' x1='27' x2='5' y1='5' y2='27'\/><polyline fill='none' points='16,27 5,27 5,16' stroke='#fff' stroke-linejoin='round' stroke-miterlimit='10' stroke-width='2'\/>\n\t\t\t\t\t\t\t\t\t\t\t\t\t<polyline fill='none' points='16,5 27,5 27,16' stroke='#fff' stroke-linejoin='round' stroke-miterlimit='10' stroke-width='2'\/>\n\t\t\t\t\t\t\t\t\t\t\t<\/g>\n\t\t\t\t\t\t\t\t\t\t<\/svg>\n\t\t\t\t\t\t\t\t\t<\/span><\/a><span class=\"portfolio_item-title\" style=\"display: none;\"><a href=\"https:\/\/www.baufirmakabai.de\/?portfolio_item=laminat-und-vinylboden\" title=\"Laminat und Vinylboden\">Laminat und Vinylboden<\/a><\/span><\/div><\/div><div class='wpzoom-blocks_portfolio-block_item-details'><h3 class='wpzoom-blocks_portfolio-block_item-title'><a href='https:\/\/www.baufirmakabai.de\/?portfolio_item=laminat-und-vinylboden' title='Laminat und Vinylboden' rel='bookmark'>Laminat und Vinylboden<\/a><\/h3><\/div><\/article><\/li><li class='wpzoom-blocks_portfolio-block_item wpzoom-blocks_portfolio-block_item-5699 wpzoom-blocks_portfolio-block_category-41 has-cover'  data-category='41'><article class='wpzoom-blocks_portfolio-block_item-wrap portfolio_item'><div class='wpzoom-blocks_portfolio-block_item-thumbnail'>\n\t\t\t\t\t\t<div class='wpzoom-blocks_portfolio-block_item-media'>\n\t\t\t\t\t\t\t<a href='https:\/\/www.baufirmakabai.de\/?portfolio_item=werkzeuge' title='Unsere Werkzeuge' rel='bookmark'><img loading=\"lazy\" decoding=\"async\" width=\"600\" height=\"400\" src=\"https:\/\/www.baufirmakabai.de\/wp-content\/uploads\/2017\/09\/20170822_130843-600x400.jpg\" class=\"attachment-portfolio_item-thumbnail size-portfolio_item-thumbnail wp-post-image\" alt=\"\" srcset=\"https:\/\/www.baufirmakabai.de\/wp-content\/uploads\/2017\/09\/20170822_130843-600x400.jpg 600w, https:\/\/www.baufirmakabai.de\/wp-content\/uploads\/2017\/09\/20170822_130843-scaled-1200x800.jpg 1200w\" sizes=\"100vw\" \/><\/a>\n\t\t\t\t\t\t<\/div><div class=\"portfolio-block-entry-thumbnail-popover-content\" data-show-caption=\"\"><a class=\"mfp-image portfolio-block-popup-video popup_image_icon\" href=\"https:\/\/www.baufirmakabai.de\/wp-content\/uploads\/2017\/09\/20170822_130843-scaled.jpg\" aria-label=\"Unsere Werkzeuge\"><span class='wpzoom-blocks_portfolio-block_lightbox_icon'>\n\t\t\t\t\t\t\t\t\t\t<svg enable-background='new 0 0 32 32' id='Layer_4' version='1.1' viewBox='0 0 32 32' xml:space='preserve' xmlns='http:\/\/www.w3.org\/2000\/svg' xmlns:xlink='http:\/\/www.w3.org\/1999\/xlink'>\n\t\t\t\t\t\t\t\t\t\t\t<g>\n\t\t\t\t\t\t\t\t\t\t\t\t<rect fill='none' height='30' stroke='#fff' stroke-linejoin='round' stroke-miterlimit='10' stroke-width='2' transform='matrix(6.123234e-17 -1 1 6.123234e-17 0 32)' width='30' x='1' y='1'\/>\n\t\t\t\t\t\t\t\t\t\t\t\t\t<line fill='none' stroke='#fff' stroke-linejoin='round' stroke-miterlimit='10' stroke-width='2' x1='27' x2='5' y1='5' y2='27'\/><polyline fill='none' points='16,27 5,27 5,16' stroke='#fff' stroke-linejoin='round' stroke-miterlimit='10' stroke-width='2'\/>\n\t\t\t\t\t\t\t\t\t\t\t\t\t<polyline fill='none' points='16,5 27,5 27,16' stroke='#fff' stroke-linejoin='round' stroke-miterlimit='10' stroke-width='2'\/>\n\t\t\t\t\t\t\t\t\t\t\t<\/g>\n\t\t\t\t\t\t\t\t\t\t<\/svg>\n\t\t\t\t\t\t\t\t\t<\/span><\/a><span class=\"portfolio_item-title\" style=\"display: none;\"><a href=\"https:\/\/www.baufirmakabai.de\/?portfolio_item=werkzeuge\" title=\"Unsere Werkzeuge\">Unsere Werkzeuge<\/a><\/span><\/div><\/div><div class='wpzoom-blocks_portfolio-block_item-details'><h3 class='wpzoom-blocks_portfolio-block_item-title'><a href='https:\/\/www.baufirmakabai.de\/?portfolio_item=werkzeuge' title='Unsere Werkzeuge' rel='bookmark'>Unsere Werkzeuge<\/a><\/h3><\/div><\/article><\/li><li class=\"wpzoom-preloader-container\"><div class=\"wpzoom-portfolio-preloader\"><svg  width=\"75\" version=\"1.1\" id=\"L4\" xmlns=\"http:\/\/www.w3.org\/2000\/svg\" xmlns:xlink=\"http:\/\/www.w3.org\/1999\/xlink\" x=\"0px\" y=\"0px\" viewBox=\"0 0 100 100\" enable-background=\"new 0 0 0 0\" xml:space=\"preserve\">\n\t\t  <circle fill=\"#000\" stroke=\"none\" cx=\"6\" cy=\"50\" r=\"6\"><animate attributeName=\"opacity\" dur=\"1s\" values=\"0;1;0\" repeatCount=\"indefinite\" begin=\"0.1\"\/><\/circle>\n\t\t  <circle fill=\"#000\" stroke=\"none\" cx=\"26\" cy=\"50\" r=\"6\"><animate attributeName=\"opacity\" dur=\"1s\" values=\"0;1;0\" repeatCount=\"indefinite\" begin=\"0.2\"\/><\/circle>\n\t\t  <circle fill=\"#000\" stroke=\"none\" cx=\"46\" cy=\"50\" r=\"6\"><animate attributeName=\"opacity\" dur=\"1s\" values=\"0;1;0\" repeatCount=\"indefinite\" begin=\"0.3\"\/><\/circle>\n\t\t<\/svg><\/div><\/li><\/ul><\/div><!--.wpzoom-blocks wpzoom-blocks_portfolio-block--><style>.wpzoom-blocks_portfolio-block.wpzoom-portfolio-block-6a03316e4d6f3 {}.wpzoom-blocks_portfolio-block.wpzoom-portfolio-block-6a03316e4d6f3 { color:#000}.wpzoom-blocks_portfolio-block.wpzoom-portfolio-block-6a03316e4d6f3 .wpzoom-blocks_portfolio-block_filter ul li a,\n\t\t\t.wpzoom-blocks_portfolio-block.wpzoom-portfolio-block-6a03316e4d6f3.layout-list .wpzoom-blocks_portfolio-block_items-list .wpzoom-blocks_portfolio-block_item .wpzoom-blocks_portfolio-block_item-title a {\n\t\t\t\tcolor:#000;\n\t\t\t}.wpzoom-blocks_portfolio-block.wpzoom-portfolio-block-6a03316e4d6f3 .wpzoom-blocks_portfolio-block_filter ul li a:hover,\n\t\t\t\t.wpzoom-blocks_portfolio-block.wpzoom-portfolio-block-6a03316e4d6f3 .wpzoom-blocks_portfolio-block_filter ul li.current-cat a:hover,\n\t\t\t\t.wpzoom-blocks_portfolio-.wpzoom-portfolio-block-6a03316e4d6f3.layout-list .wpzoom-blocks_portfolio-block_items-list .wpzoom-blocks_portfolio-block_item .wpzoom-blocks_portfolio-block_item-title a:hover {\n\t\t\t\t\tcolor:#0BB4AA;\n\t\t\t\t}.wpzoom-blocks_portfolio-block.wpzoom-portfolio-block-6a03316e4d6f3 .wpzoom-blocks_portfolio-block_filter ul li.current-cat a { color:#0BB4AA; }.wpzoom-blocks_portfolio-block.wpzoom-portfolio-block-6a03316e4d6f3 .wpzoom-blocks_portfolio-block_filter ul li a {font-weight: 400 !important;letter-spacing: 1px;}.wpzoom-blocks_portfolio-block.wpzoom-portfolio-block-6a03316e4d6f3 .wpzoom-blocks_portfolio-block_item-details .wpzoom-blocks_portfolio-block_item-title a {line-height: 1.2;font-weight: 500 !important;letter-spacing: 1px;}.wpzoom-blocks_portfolio-block.wpzoom-portfolio-block-6a03316e4d6f3 .wpz-portfolio-button__link {letter-spacing: 1px;border-style:solid;border-width:0px;}<\/style>\n\n\n<div class=\"wp-block-group has-global-padding is-layout-constrained wp-block-group-is-layout-constrained\">\n<div class=\"wp-block-ideabox-image-comparison\"><div class=\"ib-image-comparison label-pos--middle twentytwenty-container\" data-offset=\"0.5\" data-orientation=\"horizontal\" data-before=\"Before\" data-after=\"After\" data-no-overlay=\"false\" data-on-hover=\"false\" data-on-swipe=\"true\" data-on-click=\"false\" style=\"--ibic-overlay-color:rgba(0, 0, 0, 0.2);--ibic-overlay-hover-color:rgba(0, 0, 0, 0.4)\"><img decoding=\"async\" src=\"http:\/\/www.baufirmakabai.de\/wp-content\/uploads\/2025\/02\/20200409_160331-scaled.jpg\" alt=\"\" class=\"ib-image-comparison-img\"\/><img decoding=\"async\" src=\"http:\/\/www.baufirmakabai.de\/wp-content\/uploads\/2025\/02\/20230623_134128-scaled.jpg\" alt=\"\" class=\"ib-image-comparison-img\"\/><\/div><\/div>\n\n\n\n<div class=\"wp-block-group has-global-padding is-layout-constrained wp-block-group-is-layout-constrained\">\n<div class=\"wp-block-ideabox-image-comparison\"><div class=\"ib-image-comparison label-pos--middle twentytwenty-container\" data-offset=\"0.5\" data-orientation=\"horizontal\" data-before=\"Before\" data-after=\"After\" data-no-overlay=\"false\" data-on-hover=\"false\" data-on-swipe=\"true\" data-on-click=\"false\" style=\"--ibic-overlay-color:rgba(0, 0, 0, 0.2);--ibic-overlay-hover-color:rgba(0, 0, 0, 0.4)\"><img decoding=\"async\" src=\"http:\/\/www.baufirmakabai.de\/wp-content\/uploads\/2025\/02\/20230726_104405-scaled.jpg\" alt=\"\" class=\"ib-image-comparison-img\"\/><img decoding=\"async\" src=\"http:\/\/www.baufirmakabai.de\/wp-content\/uploads\/2025\/02\/20230729_082116-scaled.jpg\" alt=\"\" class=\"ib-image-comparison-img\"\/><\/div><\/div>\n<\/div>\n<\/div>\n\n\n\n<div class=\"wp-block-ideabox-image-comparison\"><div class=\"ib-image-comparison label-pos--middle twentytwenty-container\" data-offset=\"0.5\" data-orientation=\"horizontal\" data-before=\"Before\" data-after=\"After\" data-no-overlay=\"false\" data-on-hover=\"false\" data-on-swipe=\"true\" data-on-click=\"false\" style=\"--ibic-overlay-color:rgba(0, 0, 0, 0.2);--ibic-overlay-hover-color:rgba(0, 0, 0, 0.4)\"><img decoding=\"async\" src=\"http:\/\/www.baufirmakabai.de\/wp-content\/uploads\/2025\/02\/20220627_083339-scaled.jpg\" alt=\"\" class=\"ib-image-comparison-img\"\/><img decoding=\"async\" src=\"http:\/\/www.baufirmakabai.de\/wp-content\/uploads\/2025\/02\/20220702_092634-scaled.webp\" alt=\"\" class=\"ib-image-comparison-img\"\/><\/div><\/div>\n\n\n\n<div class=\"wp-block-ideabox-image-comparison\"><div class=\"ib-image-comparison label-pos--middle twentytwenty-container\" data-offset=\"0.5\" data-orientation=\"horizontal\" data-before=\"Before\" data-after=\"After\" data-no-overlay=\"false\" data-on-hover=\"false\" data-on-swipe=\"true\" data-on-click=\"false\" style=\"--ibic-overlay-color:rgba(0, 0, 0, 0.2);--ibic-overlay-hover-color:rgba(0, 0, 0, 0.4)\"><img decoding=\"async\" src=\"http:\/\/www.baufirmakabai.de\/wp-content\/uploads\/2025\/02\/20241130_103205-scaled.jpg\" alt=\"\" class=\"ib-image-comparison-img\"\/><img decoding=\"async\" src=\"http:\/\/www.baufirmakabai.de\/wp-content\/uploads\/2025\/02\/20241216_121859-1-scaled.jpg\" alt=\"\" class=\"ib-image-comparison-img\"\/><\/div><\/div>\n\n\n\n<div class=\"wp-block-ideabox-image-comparison\"><div class=\"ib-image-comparison label-pos--middle twentytwenty-container\" data-offset=\"0.5\" data-orientation=\"horizontal\" data-before=\"Before\" data-after=\"After\" data-no-overlay=\"false\" data-on-hover=\"false\" data-on-swipe=\"true\" data-on-click=\"false\" style=\"--ibic-overlay-color:rgba(0, 0, 0, 0.2);--ibic-overlay-hover-color:rgba(0, 0, 0, 0.4)\"><img decoding=\"async\" src=\"http:\/\/www.baufirmakabai.de\/wp-content\/uploads\/2025\/02\/20210414_084435-scaled.jpg\" alt=\"\" class=\"ib-image-comparison-img\"\/><img decoding=\"async\" src=\"http:\/\/www.baufirmakabai.de\/wp-content\/uploads\/2025\/02\/IMG-20210415-WA0005-01-e1739565833265.jpeg\" alt=\"\" class=\"ib-image-comparison-img\"\/><\/div><\/div>\n","protected":false},"excerpt":{"rendered":"<p>&nbsp;<\/p>\n","protected":false},"author":1,"featured_media":0,"parent":0,"menu_order":0,"comment_status":"open","ping_status":"closed","template":"","meta":{"om_disable_all_campaigns":false,"_monsterinsights_skip_tracking":false,"_monsterinsights_sitenote_active":false,"_monsterinsights_sitenote_note":"","_monsterinsights_sitenote_category":0,"inspiro_hide_title":false,"footnotes":""},"class_list":["post-5206","page","type-page","status-publish","hentry"],"aioseo_notices":[],"featured_media_urls":[],"_links":{"self":[{"href":"https:\/\/www.baufirmakabai.de\/index.php?rest_route=\/wp\/v2\/pages\/5206","targetHints":{"allow":["GET"]}}],"collection":[{"href":"https:\/\/www.baufirmakabai.de\/index.php?rest_route=\/wp\/v2\/pages"}],"about":[{"href":"https:\/\/www.baufirmakabai.de\/index.php?rest_route=\/wp\/v2\/types\/page"}],"author":[{"embeddable":true,"href":"https:\/\/www.baufirmakabai.de\/index.php?rest_route=\/wp\/v2\/users\/1"}],"replies":[{"embeddable":true,"href":"https:\/\/www.baufirmakabai.de\/index.php?rest_route=%2Fwp%2Fv2%2Fcomments&post=5206"}],"version-history":[{"count":15,"href":"https:\/\/www.baufirmakabai.de\/index.php?rest_route=\/wp\/v2\/pages\/5206\/revisions"}],"predecessor-version":[{"id":7314,"href":"https:\/\/www.baufirmakabai.de\/index.php?rest_route=\/wp\/v2\/pages\/5206\/revisions\/7314"}],"wp:attachment":[{"href":"https:\/\/www.baufirmakabai.de\/index.php?rest_route=%2Fwp%2Fv2%2Fmedia&parent=5206"}],"curies":[{"name":"wp","href":"https:\/\/api.w.org\/{rel}","templated":true}]}}