{"id":5592,"date":"2016-12-05T09:17:34","date_gmt":"2016-12-05T09:17:34","guid":{"rendered":"http:\/\/demo.wpzoom.com\/inspiro\/?page_id=5592"},"modified":"2025-02-06T19:11:48","modified_gmt":"2025-02-06T19:11:48","slug":"about","status":"publish","type":"page","link":"https:\/\/www.baufirmakabai.de\/?page_id=5592","title":{"rendered":"\u00dcber uns"},"content":{"rendered":"\n<div class=\"wp-block-group alignfull has-global-padding is-layout-constrained wp-block-group-is-layout-constrained\">\n<h2 class=\"wp-block-heading has-large-font-size\" id=\"inspiro-is-a-digital-product-agency-that-focuses-on-strategy-and-design\" style=\"font-style:normal;font-weight:100\"><strong>&#8220;Zusammenarbeit ist der Schl\u00fcssel zum Erfolg&#8221;.<\/strong><\/h2>\n\n\n\n<div style=\"height:100px\" aria-hidden=\"true\" class=\"wp-block-spacer\"><\/div>\n\n\n\n<div class=\"wp-block-group has-global-padding is-layout-constrained wp-block-group-is-layout-constrained\">\n<div class=\"wp-block-columns is-layout-flex wp-container-core-columns-is-layout-28f84493 wp-block-columns-is-layout-flex\">\n<div class=\"wp-block-column is-layout-flow wp-block-column-is-layout-flow\">\n<figure class=\"wp-block-image size-large is-resized is-style-default\"><img fetchpriority=\"high\" decoding=\"async\" width=\"750\" height=\"1000\" src=\"https:\/\/www.baufirmakabai.de\/wp-content\/uploads\/2024\/04\/WhatsApp-Image-2024-04-26-at-21.19.08-edited.jpeg\" alt=\"\" class=\"wp-image-7082\" style=\"object-fit:contain;width:272px;height:232px\" srcset=\"https:\/\/www.baufirmakabai.de\/wp-content\/uploads\/2024\/04\/WhatsApp-Image-2024-04-26-at-21.19.08-edited.jpeg 750w, https:\/\/www.baufirmakabai.de\/wp-content\/uploads\/2024\/04\/WhatsApp-Image-2024-04-26-at-21.19.08-edited-225x300.jpeg 225w, https:\/\/www.baufirmakabai.de\/wp-content\/uploads\/2024\/04\/WhatsApp-Image-2024-04-26-at-21.19.08-edited-600x800.jpeg 600w\" sizes=\"(max-width: 750px) 100vw, 750px\" \/><\/figure>\n\n\n\n<p class=\"has-black-color has-text-color has-medium-font-size\"><strong>Kabai Roland<\/strong><\/p>\n\n\n\n<p class=\"has-text-color\" style=\"color:#7a7a7a\"><mark style=\"background-color:rgba(0, 0, 0, 0)\" class=\"has-inline-color has-black-color\">Ich bin seit mehr als 12 Jahren als Fliesenleger, Trockenbauer und Spachteler im Hunsr\u00fcck t\u00e4tig und habe mir im Laufe der Zeit viel Fachwissen und Erfahrung angeeignet. Ich verfolge meine Arbeit mit Leidenschaft und Sorgfalt und gebe immer mein Bestes, um das bestm\u00f6gliche Ergebnis f\u00fcr meine Kunden zu erzielen.<\/mark><\/p>\n\n\n\n<p>Tel: 01573 1986908<\/p>\n\n\n\n<p>Ort: Mutterschied<\/p>\n<\/div>\n\n\n\n<div class=\"wp-block-column is-layout-flow wp-block-column-is-layout-flow\">\n<figure class=\"wp-block-image size-large is-resized\"><img decoding=\"async\" width=\"800\" height=\"1067\" src=\"https:\/\/www.baufirmakabai.de\/wp-content\/uploads\/2024\/04\/Cornel-2024-edited.jpeg\" alt=\"\" class=\"wp-image-7097\" style=\"object-fit:contain;width:248px;height:237px\" srcset=\"https:\/\/www.baufirmakabai.de\/wp-content\/uploads\/2024\/04\/Cornel-2024-edited.jpeg 800w, https:\/\/www.baufirmakabai.de\/wp-content\/uploads\/2024\/04\/Cornel-2024-edited-225x300.jpeg 225w, https:\/\/www.baufirmakabai.de\/wp-content\/uploads\/2024\/04\/Cornel-2024-edited-768x1024.jpeg 768w, https:\/\/www.baufirmakabai.de\/wp-content\/uploads\/2024\/04\/Cornel-2024-edited-600x800.jpeg 600w\" sizes=\"(max-width: 800px) 100vw, 800px\" \/><\/figure>\n\n\n\n<p class=\"has-black-color has-text-color has-medium-font-size\"><strong>Cornel Serban<\/strong><\/p>\n\n\n\n<p>Serban ist ein professioneller Verputzer mit viel Erfahrung und Fachwissen. Er hat sich im Laufe der Jahre einen hervorragenden Ruf erworben und ist bekannt f\u00fcr seine Sorgfalt und Qualit\u00e4t bei der Arbeit.<\/p>\n\n\n\n<p>Ob es sich um eine Renovierung, Reparatur oder einen Neubau handelt, Serban ist der richtige Mann f\u00fcr den Job. Er setzt ausschlie\u00dflich hochwertige Materialien und Werkzeuge ein, um sicherzustellen, dass das Endergebnis seiner Arbeit immer von h\u00f6chster Qualit\u00e4t ist<\/p>\n\n\n\n<p>Tel: 01577 3251804<\/p>\n\n\n\n<p>Ort: Simmern<\/p>\n<\/div>\n\n\n\n<div class=\"wp-block-column is-layout-flow wp-block-column-is-layout-flow\">\n<figure class=\"wp-block-image size-large is-resized\"><img decoding=\"async\" width=\"800\" height=\"1067\" src=\"https:\/\/www.baufirmakabai.de\/wp-content\/uploads\/2024\/04\/Ciprian-2024-edited.jpeg\" alt=\"\" class=\"wp-image-7089\" style=\"object-fit:contain;width:221px;height:238px\" srcset=\"https:\/\/www.baufirmakabai.de\/wp-content\/uploads\/2024\/04\/Ciprian-2024-edited.jpeg 800w, https:\/\/www.baufirmakabai.de\/wp-content\/uploads\/2024\/04\/Ciprian-2024-edited-225x300.jpeg 225w, https:\/\/www.baufirmakabai.de\/wp-content\/uploads\/2024\/04\/Ciprian-2024-edited-768x1024.jpeg 768w, https:\/\/www.baufirmakabai.de\/wp-content\/uploads\/2024\/04\/Ciprian-2024-edited-600x800.jpeg 600w\" sizes=\"(max-width: 800px) 100vw, 800px\" \/><\/figure>\n\n\n\n<p class=\"has-black-color has-text-color has-medium-font-size\"><strong>Ciprian Ursache<\/strong><\/p>\n\n\n\n<p class=\"has-text-color\" style=\"color:#7a7a7a\"><mark style=\"background-color:rgba(0, 0, 0, 0)\" class=\"has-inline-color has-black-color\">Wenn Sie auf der Suche nach einem professionellen spachteler sind, z\u00f6gern Sie nicht, Ciprian zu kontaktieren. Er freut sich darauf, von Ihnen zu h\u00f6ren und Ihnen bei der Verwirklichung Ihrer Projekte zu helfen.<\/mark><\/p>\n\n\n\n<p>Tel: 01590 2496285<\/p>\n\n\n\n<p>Ort: Merscheid ( Morbach )<\/p>\n<\/div>\n<\/div>\n<\/div>\n\n\n\n<div class=\"wp-block-group has-global-padding is-layout-constrained wp-block-group-is-layout-constrained\">\n<div class=\"wp-block-columns is-layout-flex wp-container-core-columns-is-layout-28f84493 wp-block-columns-is-layout-flex\">\n<div class=\"wp-block-column is-layout-flow wp-block-column-is-layout-flow\">\n<figure class=\"wp-block-image size-full is-resized\"><img loading=\"lazy\" decoding=\"async\" width=\"244\" height=\"264\" src=\"http:\/\/www.baufirmakabai.de\/wp-content\/uploads\/2022\/12\/Jeno.png\" alt=\"\" class=\"wp-image-6851\" style=\"width:239px;height:259px\"\/><\/figure>\n\n\n\n<p class=\"has-black-color has-text-color has-medium-font-size\"><strong>Jen\u00f6 Hadnagy<\/strong><\/p>\n\n\n\n<p>Unser Team bei Kabai und Kollegen besteht aus erfahrenen Fachleuten, die alle ihre Leidenschaft f\u00fcr ihre Arbeit teilen. Einer von ihnen ist Jen\u00f6, der \u00fcber 40 Jahre Erfahrung in seinem Beruf hat.<\/p>\n\n\n\n<p>Jen\u00f6 ist ein wahres Urgestein in seinem Fach und hat im Laufe der Jahre unz\u00e4hlige Projekte erfolgreich abgeschlossen. Er ist bekannt f\u00fcr sein Fachwissen und seine Sorgfalt bei der Arbeit und setzt immer alles daran, das beste Ergebnis f\u00fcr seine Kunden zu erzielen.<\/p>\n\n\n\n<p>Tel: 01765 7735823<\/p>\n\n\n\n<p>Ort: Simmern<\/p>\n<\/div>\n\n\n\n<div class=\"wp-block-column is-layout-flow wp-block-column-is-layout-flow\">\n<figure class=\"wp-block-image size-large is-resized\"><img loading=\"lazy\" decoding=\"async\" width=\"750\" height=\"1000\" src=\"https:\/\/www.baufirmakabai.de\/wp-content\/uploads\/2024\/04\/Daniel-2024-edited.jpeg\" alt=\"\" class=\"wp-image-7091\" style=\"object-fit:contain;width:273px;height:259px\" srcset=\"https:\/\/www.baufirmakabai.de\/wp-content\/uploads\/2024\/04\/Daniel-2024-edited.jpeg 750w, https:\/\/www.baufirmakabai.de\/wp-content\/uploads\/2024\/04\/Daniel-2024-edited-225x300.jpeg 225w, https:\/\/www.baufirmakabai.de\/wp-content\/uploads\/2024\/04\/Daniel-2024-edited-600x800.jpeg 600w\" sizes=\"(max-width: 750px) 100vw, 750px\" \/><\/figure>\n\n\n\n<p class=\"has-black-color has-text-color has-medium-font-size\"><strong>Daniel Dolcos<\/strong><\/p>\n\n\n\n<p>Unser Firma ist ein Schmelztiegel verschiedener Kulturen und Erfahrungen. Wir sind stolz darauf, dass unsere Mitarbeiter aus aller Welt stammen und ihre unterschiedlichen Perspektiven und F\u00e4higkeiten einbringen.<\/p>\n\n\n\n<p>Einer von ihnen ist Daniel, der aus Spanien stammt und \u00fcber 23 Jahre Erfahrung in seinem Beruf hat.<\/p>\n\n\n\n<p>Tel: 01766 0352710<\/p>\n\n\n\n<p>Ort: Simmern<\/p>\n<\/div>\n\n\n\n<div class=\"wp-block-column is-layout-flow wp-block-column-is-layout-flow\">\n<figure class=\"wp-block-image size-large is-resized\"><img loading=\"lazy\" decoding=\"async\" width=\"800\" height=\"1067\" src=\"https:\/\/www.baufirmakabai.de\/wp-content\/uploads\/2024\/04\/Roby-2024-edited.jpeg\" alt=\"\" class=\"wp-image-7094\" style=\"object-fit:contain;width:254px;height:255px\" srcset=\"https:\/\/www.baufirmakabai.de\/wp-content\/uploads\/2024\/04\/Roby-2024-edited.jpeg 800w, https:\/\/www.baufirmakabai.de\/wp-content\/uploads\/2024\/04\/Roby-2024-edited-225x300.jpeg 225w, https:\/\/www.baufirmakabai.de\/wp-content\/uploads\/2024\/04\/Roby-2024-edited-768x1024.jpeg 768w, https:\/\/www.baufirmakabai.de\/wp-content\/uploads\/2024\/04\/Roby-2024-edited-600x800.jpeg 600w\" sizes=\"(max-width: 800px) 100vw, 800px\" \/><\/figure>\n\n\n\n<p class=\"has-black-color has-text-color has-medium-font-size\"><strong>Robert Halasz<\/strong><\/p>\n\n\n\n<p>Robert ist ein hoch motivierter und flei\u00dfiger Kollege, der immer bereit ist, sein Bestes zu geben. Er ist dem\u00fctig und gehorsam, was ihn zu einem wertvollen Teammitglied macht.<\/p>\n\n\n\n<p>Robert ist immer bereit, seine F\u00e4higkeiten und Kenntnisse zu teilen und anderen zu helfen. Er hat ein offenes Ohr f\u00fcr die Anliegen und Bed\u00fcrfnisse seiner Kollegen und geht immer respektvoll und professionell mit ihnen um<\/p>\n\n\n\n<p>Tel: 01767 2344114<\/p>\n\n\n\n<p>Ort: Simmern<\/p>\n<\/div>\n<\/div>\n<\/div>\n\n\n\n<div class=\"wp-block-group has-global-padding is-layout-constrained wp-block-group-is-layout-constrained\">\n<div class=\"wp-block-columns is-layout-flex wp-container-core-columns-is-layout-28f84493 wp-block-columns-is-layout-flex\">\n<div class=\"wp-block-column is-layout-flow wp-block-column-is-layout-flow\">\n<figure class=\"wp-block-image size-full is-resized\"><img loading=\"lazy\" decoding=\"async\" width=\"369\" height=\"277\" src=\"https:\/\/www.baufirmakabai.de\/wp-content\/uploads\/2024\/04\/Erno-edited.jpeg\" alt=\"\" class=\"wp-image-7102\" style=\"object-fit:contain;width:239px;height:259px\" srcset=\"https:\/\/www.baufirmakabai.de\/wp-content\/uploads\/2024\/04\/Erno-edited.jpeg 369w, https:\/\/www.baufirmakabai.de\/wp-content\/uploads\/2024\/04\/Erno-edited-300x225.jpeg 300w\" sizes=\"(max-width: 369px) 100vw, 369px\" \/><\/figure>\n\n\n\n<p class=\"has-black-color has-text-color has-medium-font-size\"><strong><strong>Ern\u00f6 Hadnagy<\/strong><\/strong><\/p>\n\n\n\n<p>Ern\u00f6 Hadnagy, ein erfahrener Dachdecker und Fliesenleger mit etwa 30 Jahren Berufserfahrung, hat sein Handwerk in verschiedenen L\u00e4ndern Europas perfektioniert. Mit seiner umfangreichen Fachkenntnis und seiner Leidenschaft f\u00fcr seine Arbeit ist er eine herausragende Pers\u00f6nlichkeit in der Baubranche.<\/p>\n\n\n\n<p>Ern\u00f6 Hadnagy ist nicht nur ein begabter Handwerker, sondern auch eine verantwortungsbewusste und liebenswerte Person. Er legt gro\u00dfen Wert auf Pr\u00e4zision und Qualit\u00e4t in seiner Arbeit und ist stolz darauf, Projekte termingerecht abzuschlie\u00dfen. Dank seiner langj\u00e4hrigen Erfahrung kann er Herausforderungen souver\u00e4n bew\u00e4ltigen und L\u00f6sungen finden.<\/p>\n\n\n\n<p>Tel: 0040 749 958296<\/p>\n\n\n\n<p>Ort: Simmern<\/p>\n<\/div>\n\n\n\n<div class=\"wp-block-column is-layout-flow wp-block-column-is-layout-flow\">\n<figure class=\"wp-block-image size-large is-resized\"><img loading=\"lazy\" decoding=\"async\" width=\"576\" height=\"1024\" src=\"https:\/\/www.baufirmakabai.de\/wp-content\/uploads\/2024\/04\/David-2024-b-576x1024.jpeg\" alt=\"\" class=\"wp-image-7153\" style=\"object-fit:contain;width:273px;height:259px\" srcset=\"https:\/\/www.baufirmakabai.de\/wp-content\/uploads\/2024\/04\/David-2024-b-576x1024.jpeg 576w, https:\/\/www.baufirmakabai.de\/wp-content\/uploads\/2024\/04\/David-2024-b-169x300.jpeg 169w, https:\/\/www.baufirmakabai.de\/wp-content\/uploads\/2024\/04\/David-2024-b.jpeg 1080w\" sizes=\"(max-width: 576px) 100vw, 576px\" \/><\/figure>\n\n\n\n<p class=\"has-black-color has-text-color has-medium-font-size\"><strong>David Nagy<\/strong><\/p>\n\n\n\n<p>David ist unser Geselle und arbeitet seit 2023 mit uns.<\/p>\n\n\n\n<p><\/p>\n\n\n\n<p>Tel: 01556 6208758<\/p>\n\n\n\n<p>Ort: Mutterschied<\/p>\n<\/div>\n\n\n\n<div class=\"wp-block-column is-layout-flow wp-block-column-is-layout-flow\">\n<p><\/p>\n<\/div>\n<\/div>\n<\/div>\n\n\n\n<div class=\"wp-block-group has-global-padding is-layout-constrained wp-block-group-is-layout-constrained\">\n<div class=\"wp-block-columns is-layout-flex wp-container-core-columns-is-layout-28f84493 wp-block-columns-is-layout-flex\"><\/div>\n<\/div>\n\n\n\n<h3 class=\"wp-block-heading has-large-font-size\" id=\"inspiro-is-a-digital-product-agency-that-focuses-on-strategy-and-desig\" style=\"font-weight:300\"><\/h3>\n\n\n\n<div style=\"height:100px\" aria-hidden=\"true\" class=\"wp-block-spacer\"><\/div>\n\n\n\n<div class=\"wp-block-cover alignfull\" style=\"padding-top:50px;padding-right:50px;padding-bottom:50px;padding-left:50px;min-height:316px;aspect-ratio:unset;\"><span aria-hidden=\"true\" class=\"wp-block-cover__background has-black-background-color has-background-dim-100 has-background-dim\"><\/span><div class=\"wp-block-cover__inner-container is-layout-flow wp-block-cover-is-layout-flow\">\n<div class=\"wp-block-columns are-vertically-aligned-center is-layout-flex wp-container-core-columns-is-layout-28f84493 wp-block-columns-is-layout-flex\">\n<div class=\"wp-block-column is-vertically-aligned-center is-layout-flow wp-block-column-is-layout-flow\" style=\"padding-top:20px;padding-right:0px;padding-bottom:20px;padding-left:0px\">\n<div class=\"wp-block-group is-content-justification-space-between is-nowrap is-layout-flex wp-container-core-group-is-layout-bb3dfb5c wp-block-group-is-layout-flex\">\n<figure class=\"wp-block-image size-full\"><img decoding=\"async\" src=\"https:\/\/demo.wpzoom.com\/inspiro-lite-blocks\/wp-content\/themes\/inspiro-lite\/assets\/images\/laurel_left.png\" alt=\"\"\/><\/figure>\n\n\n\n<div class=\"wp-block-group is-layout-flow wp-block-group-is-layout-flow\">\n<p class=\"has-text-align-center has-white-color has-text-color\" style=\"font-size:clamp(14px, 0.875rem + ((1vw - 3.2px) * 0.354), 18px);line-height:1\"><strong>&#8220;<\/strong>mit Leidenschaft&#8221;<\/p>\n<\/div>\n\n\n\n<figure class=\"wp-block-image size-full\"><img decoding=\"async\" src=\"https:\/\/demo.wpzoom.com\/inspiro-lite-blocks\/wp-content\/themes\/inspiro-lite\/assets\/images\/laurel_right.png\" alt=\"\"\/><\/figure>\n<\/div>\n<\/div>\n\n\n\n<div class=\"wp-block-column is-vertically-aligned-center is-layout-flow wp-block-column-is-layout-flow\" style=\"padding-top:20px;padding-right:0px;padding-bottom:20px;padding-left:0px\">\n<div class=\"wp-block-group is-content-justification-space-between is-nowrap is-layout-flex wp-container-core-group-is-layout-bb3dfb5c wp-block-group-is-layout-flex\">\n<figure class=\"wp-block-image size-full\"><img decoding=\"async\" src=\"https:\/\/demo.wpzoom.com\/inspiro-lite-blocks\/wp-content\/themes\/inspiro-lite\/assets\/images\/laurel_left.png\" alt=\"\"\/><\/figure>\n\n\n\n<div class=\"wp-block-group is-layout-flow wp-block-group-is-layout-flow\">\n<p class=\"has-text-align-center has-white-color has-text-color\" style=\"font-size:clamp(14px, 0.875rem + ((1vw - 3.2px) * 0.354), 18px);line-height:1\"><strong>&#8220;geduld&#8221;<\/strong><\/p>\n<\/div>\n\n\n\n<figure class=\"wp-block-image size-full\"><img decoding=\"async\" src=\"https:\/\/demo.wpzoom.com\/inspiro-lite-blocks\/wp-content\/themes\/inspiro-lite\/assets\/images\/laurel_right.png\" alt=\"\"\/><\/figure>\n<\/div>\n<\/div>\n\n\n\n<div class=\"wp-block-column is-vertically-aligned-center is-layout-flow wp-block-column-is-layout-flow\" style=\"padding-top:20px;padding-right:0px;padding-bottom:20px;padding-left:0px\">\n<div class=\"wp-block-group is-content-justification-space-between is-nowrap is-layout-flex wp-container-core-group-is-layout-bb3dfb5c wp-block-group-is-layout-flex\">\n<figure class=\"wp-block-image size-full\"><img decoding=\"async\" src=\"https:\/\/demo.wpzoom.com\/inspiro-lite-blocks\/wp-content\/themes\/inspiro-lite\/assets\/images\/laurel_left.png\" alt=\"\"\/><\/figure>\n\n\n\n<div class=\"wp-block-group is-layout-flow wp-block-group-is-layout-flow\">\n<p class=\"has-text-align-center has-white-color has-text-color\" style=\"font-size:clamp(14px, 0.875rem + ((1vw - 3.2px) * 0.354), 18px);line-height:1\"><strong>&#8220;ehrlichkeit<\/strong>&#8220;<\/p>\n<\/div>\n\n\n\n<figure class=\"wp-block-image size-full\"><img decoding=\"async\" src=\"https:\/\/demo.wpzoom.com\/inspiro-lite-blocks\/wp-content\/themes\/inspiro-lite\/assets\/images\/laurel_right.png\" alt=\"\"\/><\/figure>\n<\/div>\n<\/div>\n<\/div>\n<\/div><\/div>\n<\/div>\n","protected":false},"excerpt":{"rendered":"<p>&#8220;Zusammenarbeit ist der Schl\u00fcssel zum Erfolg&#8221;. Kabai Roland Ich bin seit mehr als 12 Jahren als Fliesenleger, Trockenbauer und Spachteler im Hunsr\u00fcck t\u00e4tig und habe mir im Laufe der Zeit viel Fachwissen und Erfahrung angeeignet. Ich verfolge meine Arbeit mit Leidenschaft und Sorgfalt und gebe immer mein Bestes, um das bestm\u00f6gliche Ergebnis f\u00fcr meine Kunden &hellip; <\/p>\n<p class=\"link-more\"><a href=\"https:\/\/www.baufirmakabai.de\/?page_id=5592\" class=\"more-link\">Read more<span class=\"screen-reader-text\"> &#8220;\u00dcber uns&#8221;<\/span><\/a><\/p>\n","protected":false},"author":1,"featured_media":0,"parent":0,"menu_order":0,"comment_status":"closed","ping_status":"closed","template":"page-templates\/full-width-no-title.php","meta":{"om_disable_all_campaigns":false,"_monsterinsights_skip_tracking":false,"_monsterinsights_sitenote_active":false,"_monsterinsights_sitenote_note":"","_monsterinsights_sitenote_category":0,"inspiro_hide_title":false,"footnotes":""},"class_list":["post-5592","page","type-page","status-publish","hentry"],"aioseo_notices":[],"featured_media_urls":[],"_links":{"self":[{"href":"https:\/\/www.baufirmakabai.de\/index.php?rest_route=\/wp\/v2\/pages\/5592","targetHints":{"allow":["GET"]}}],"collection":[{"href":"https:\/\/www.baufirmakabai.de\/index.php?rest_route=\/wp\/v2\/pages"}],"about":[{"href":"https:\/\/www.baufirmakabai.de\/index.php?rest_route=\/wp\/v2\/types\/page"}],"author":[{"embeddable":true,"href":"https:\/\/www.baufirmakabai.de\/index.php?rest_route=\/wp\/v2\/users\/1"}],"replies":[{"embeddable":true,"href":"https:\/\/www.baufirmakabai.de\/index.php?rest_route=%2Fwp%2Fv2%2Fcomments&post=5592"}],"version-history":[{"count":25,"href":"https:\/\/www.baufirmakabai.de\/index.php?rest_route=\/wp\/v2\/pages\/5592\/revisions"}],"predecessor-version":[{"id":7261,"href":"https:\/\/www.baufirmakabai.de\/index.php?rest_route=\/wp\/v2\/pages\/5592\/revisions\/7261"}],"wp:attachment":[{"href":"https:\/\/www.baufirmakabai.de\/index.php?rest_route=%2Fwp%2Fv2%2Fmedia&parent=5592"}],"curies":[{"name":"wp","href":"https:\/\/api.w.org\/{rel}","templated":true}]}}